{"id":49,"date":"2026-01-20T19:06:03","date_gmt":"2026-01-20T19:06:03","guid":{"rendered":"https:\/\/fezfivlbti.cfolks.pl\/?page_id=49"},"modified":"2026-01-20T19:11:45","modified_gmt":"2026-01-20T19:11:45","slug":"49-2","status":"publish","type":"page","link":"https:\/\/fezfivlbti.cfolks.pl\/index.php\/49-2\/","title":{"rendered":""},"content":{"rendered":"<div class=\"et_pb_section_0 et_pb_section et_section_regular et_block_section section_has_divider et_pb_bottom_divider\">\n<div class=\"et_pb_row_0 et_pb_row et_pb_gutters3 et_block_row\">\n<div class=\"et_pb_column_0 et_pb_column et_pb_column_4_4 et-last-child et_block_column et_pb_css_mix_blend_mode_passthrough\">\n<div class=\"et_pb_text_0 et_pb_text et_pb_bg_layout_dark et_animated et_pb_module et_block_module\"><div class=\"et_pb_text_inner\"><h1><span style=\"color: #000000;\">Welcome to<\/span> Divi United Soccer Club<\/h1>\n<\/div><\/div>\n\n<div class=\"et_pb_text_1 et_pb_text et_pb_bg_layout_dark et_animated et_pb_module et_block_module\"><div class=\"et_pb_text_inner\"><p>Lorem ipsum dolor sit amet, consectetur adipiscing elit, sed do eiusmod tempor incididunt ut labore et dolore magna aliqua. Lorem ipsum dolor sit amet, consectetur adipiscing elit, sed do eiusmod tempor incididunt ut<\/p>\n<\/div><\/div>\n\n<div class=\"et_pb_module et_pb_button_module_wrapper et_pb_button_0_wrapper\"><a class=\"et_pb_button_0 et_pb_button et_pb_bg_layout_dark et_animated et_pb_module et_block_module\" href=\"\">Join Divi United<\/a><\/div>\n<\/div>\n<\/div>\n<div class=\"et_pb_bottom_inside_divider et-no-transition\"><\/div><\/div>\n\n<div class=\"et_pb_section_1 et_pb_section et_section_regular et_block_section\">\n<div class=\"et_pb_row_1 et_pb_row et_pb_gutters3 et_block_row\">\n<div class=\"et_pb_column_1 et_pb_column et_pb_column_1_3 et_block_column et_pb_column_empty et_pb_css_mix_blend_mode_passthrough\"><\/div>\n\n<div class=\"et_pb_column_2 et_pb_column et_pb_column_2_3 et-last-child et_block_column et_pb_css_mix_blend_mode_passthrough\">\n<div class=\"et_pb_text_2 et_pb_text et_pb_bg_layout_dark et_animated et_pb_module et_block_module\"><div class=\"et_pb_text_inner\"><h4><span style=\"color: #00aaff;\">Announcement:<\/span> Summer Tryouts Begin August 28th<\/h4>\n<\/div><\/div>\n<\/div>\n<\/div>\n<\/div>\n\n<div class=\"et_pb_section_2 et_pb_section et_section_specialty et_pb_equal_columns et_pb_gutters2 et_block_section\"><div class=\"et_pb_row et_block_row\">\n<div class=\"et_pb_column_3 et_pb_column et_pb_column_single et_pb_column_1_3 et_block_column et_pb_css_mix_blend_mode_passthrough\">\n<div class=\"et_pb_text_3 et_pb_text et_pb_bg_layout_light et_pb_module et_block_module\"><div class=\"et_pb_text_inner\"><h2>Club News<\/h2>\n<\/div><\/div>\n\n<div class=\"et_pb_blog_0 et_pb_blog et_pb_bg_layout_light et_pb_posts et_pb_module\"><div class=\"et_pb_ajax_pagination_container\"><div class=\"et_pb_posts et_flex_module\"><article class=\"et_pb_post et_pb_post_id_1 clearfix et_pb_blog_item_0_0 post-1 post type-post status-publish format-standard hentry category-uncategorized\"><h3 class=\"entry-title\"><a href=\"https:\/\/fezfivlbti.cfolks.pl\/index.php\/2026\/01\/04\/hello-world\/\">Hello world!<\/a><\/h3><p class=\"post-meta\"><\/p><div class=\"post-content\"><div class=\"post-content-inner\"><p>Welcome to WordPress. This is your first post. Edit or delete it, then start writing!<\/p>\n<\/div><a href=\"https:\/\/fezfivlbti.cfolks.pl\/index.php\/2026\/01\/04\/hello-world\/\" class=\"more-link\">Przeczytaj wi\u0119cej<\/a><\/div><\/article><\/div><\/div><\/div>\n\n<div class=\"et_pb_module et_pb_button_module_wrapper et_pb_button_1_wrapper\"><a class=\"et_pb_button_1 et_pb_button et_pb_bg_layout_dark et_pb_module et_block_module\" href=\"\">Club Blog<\/a><\/div>\n\n<div class=\"et_pb_text_4 et_pb_text et_pb_bg_layout_light et_pb_module et_block_module\"><div class=\"et_pb_text_inner\"><h2>Upcoming Events<\/h2>\n<\/div><\/div>\n\n<div class=\"et_pb_text_5 et_pb_text et_pb_bg_layout_light et_pb_module et_block_module\"><div class=\"et_pb_text_inner\"><h3>Girls U11 Tryouts:<\/h3>\n<p>Aug 02 @ 2pm-6pm <strong><a href=\"#\">&#8230;Details<\/a><\/strong><\/p>\n<\/div><\/div>\n\n<div class=\"et_pb_text_6 et_pb_text et_pb_bg_layout_light et_pb_module et_block_module\"><div class=\"et_pb_text_inner\"><h3>Elegant Themes Classic:<\/h3>\n<p>Aug 02 @ 2pm-6pm <strong><a href=\"#\">&#8230;Details<\/a><\/strong><\/p>\n<\/div><\/div>\n\n<div class=\"et_pb_text_7 et_pb_text et_pb_bg_layout_light et_pb_module et_block_module\"><div class=\"et_pb_text_inner\"><h3>Boys U14 Tryouts:<\/h3>\n<p>Aug 02 @ 2pm-6pm <strong><a href=\"#\">&#8230;Details<\/a><\/strong><\/p>\n<\/div><\/div>\n\n<div class=\"et_pb_search_0 et_pb_search et_pb_bg_layout_light et_pb_module et_block_module\"><form class=\"et_pb_searchform\" method=\"get\" role=\"search\" action=\"https:\/\/fezfivlbti.cfolks.pl\/\"><div><label class=\"screen-reader-text\" for=\"s\">Szukaj:<\/label><input name=\"s\" class=\"et_pb_s\" type=\"text\" placeholder=\"\" value=\"\" \/><input name=\"et_pb_searchform_submit\" type=\"hidden\" value=\"et_search_process\" \/><input name=\"et_pb_include_pages\" type=\"hidden\" value=\"yes\" \/><input name=\"et_pb_include_posts\" type=\"hidden\" value=\"yes\" \/><input class=\"et_pb_searchsubmit\" type=\"submit\" value=\"Szukaj\" \/><\/div><\/form><\/div>\n<\/div>\n\n<div class=\"et_pb_column_4 et_pb_column et_pb_specialty_column et_pb_column_2_3 et-last-child et_block_column et_pb_css_mix_blend_mode_passthrough\">\n<div class=\"et_pb_row_inner_0 et_pb_row_inner et_pb_gutters1 et_block_row\">\n<div class=\"et_pb_column_inner_0 et_pb_column_inner et_pb_column et_pb_column_4_4 et-last-child et_block_column et_pb_css_mix_blend_mode_passthrough\">\n<div class=\"et_pb_text_8 et_pb_text et_pb_bg_layout_light et_animated et_pb_module et_block_module\"><div class=\"et_pb_text_inner\"><h2>About Divi United<\/h2>\n<p>Cras ultricies ligula sed magna dictum porta. Sed porttitor lectus nibh. Donec rutrum congue leo eget malesuada. Cras ultricies ligula sed magna dictum porta.Cras ultricies ligula sed magna dictum porta. Sed porttitor lectus nibh. Donec rutrum congue\u00a0Cras ultricies ligula sed magna dictum porta. Sed porttitor lectus nibh. Donec rutrum congue leo eget malesuada. Cras ultricies ligula sed magna dictum porta.Cras ultricies ligula sed magna dictum porta.<\/p>\n<\/div><\/div>\n\n<div class=\"et_pb_module et_pb_button_module_wrapper et_pb_button_2_wrapper\"><a class=\"et_pb_button_2 et_pb_button et_pb_bg_layout_dark et_animated et_pb_module et_block_module\" href=\"\">Get Involved<\/a><\/div>\n<\/div>\n<\/div>\n\n<div class=\"et_pb_row_inner_1 et_pb_row_inner et_block_row\">\n<div class=\"et_pb_column_inner_1 et_pb_column_inner et_pb_column et_pb_column_4_4 et-last-child et_block_column et_pb_css_mix_blend_mode_passthrough\">\n<div class=\"et_pb_text_9 et_pb_text et_pb_bg_layout_light et_pb_module et_block_module\"><div class=\"et_pb_text_inner\"><h2>Upcoming Leage Games<\/h2>\n<\/div><\/div>\n\n<div class=\"et_pb_tabs_0 et_pb_tabs et_pb_module\"><ul class=\"et_pb_tabs_controls clearfix\"><li class=\"et_pb_tab_nav_item_0 et_pb_tab_nav_item et_pb_tab_0 et_pb_tab_active\"><a class=\"et_pb_tab_nav_item_link\" href=\"#\">Youth<\/a><\/li><li class=\"et_pb_tab_nav_item_1 et_pb_tab_nav_item et_pb_tab_1\"><a class=\"et_pb_tab_nav_item_link\" href=\"#\">Girls U11<\/a><\/li><li class=\"et_pb_tab_nav_item_2 et_pb_tab_nav_item et_pb_tab_2\"><a class=\"et_pb_tab_nav_item_link\" href=\"#\">Girls U14<\/a><\/li><li class=\"et_pb_tab_nav_item_3 et_pb_tab_nav_item et_pb_tab_3\"><a class=\"et_pb_tab_nav_item_link\" href=\"#\">Adult<\/a><\/li><\/ul><div class=\"et_pb_all_tabs\">\n<div class=\"et_pb_tab_0 et_pb_tab clearfix et_pb_active_content et_pb_module et_block_module\"><div class=\"et_pb_tab_content\"><p>Aug 02 @ 2pm: Home, Field #2\u00a0\u00a0<strong>-versus-\u00a0<\/strong> SF Monarchs<\/p>\n<p>Aug 09 @ 7am: Away, Field #4\u00a0\u00a0<strong>-versus-\u00a0<\/strong> SJ Extras<\/p>\n<p>Aug 16 @ 11am: Home, Field #1\u00a0\u00a0<strong>-versus-\u00a0<\/strong>\u00a0MTV Blooms<\/p>\n<p>Aug 23 @ 2pm: Home, Field #3\u00a0\u00a0<strong>-versus-\u00a0<\/strong> SF Leads<\/p>\n<\/div><\/div>\n\n<div class=\"et_pb_tab_1 et_pb_tab clearfix et_pb_module et_block_module\"><div class=\"et_pb_tab_content\"><p><strong>Aug 02 @ 2pm:<\/strong> Home, Field #2\u00a0\u00a0<strong>-vs-\u00a0<\/strong> SF Monarchs<\/p>\n<p><strong>Aug 09 @ 7am:<\/strong> Away, Field #4\u00a0\u00a0<strong>-vs-\u00a0<\/strong> SJ Extras<\/p>\n<p><strong>Aug 16 @ 11am:<\/strong> Home, Field #1\u00a0\u00a0<strong>-vs-\u00a0<\/strong>\u00a0MTV Blooms<\/p>\n<p><strong>Aug 23 @ 2pm:<\/strong> Home, Field #3\u00a0\u00a0<strong>-vs-\u00a0<\/strong> SF Leads<\/p>\n<\/div><\/div>\n\n<div class=\"et_pb_tab_2 et_pb_tab clearfix et_pb_module et_block_module\"><div class=\"et_pb_tab_content\"><p>Aug 02 @ 2pm: Home, Field #2\u00a0\u00a0<strong>-versus-\u00a0<\/strong> SF Monarchs<\/p>\n<p>Aug 09 @ 7am: Away, Field #4\u00a0\u00a0<strong>-versus-\u00a0<\/strong> SJ Extras<\/p>\n<p>Aug 16 @ 11am: Home, Field #1\u00a0\u00a0<strong>-versus-\u00a0<\/strong>\u00a0MTV Blooms<\/p>\n<p>Aug 23 @ 2pm: Home, Field #3\u00a0\u00a0<strong>-versus-\u00a0<\/strong> SF Leads<\/p>\n<\/div><\/div>\n\n<div class=\"et_pb_tab_3 et_pb_tab clearfix et_pb_module et_block_module\"><div class=\"et_pb_tab_content\"><p>Aug 02 @ 2pm: Home, Field #2\u00a0\u00a0<strong>-versus-\u00a0<\/strong> SF Monarchs<\/p>\n<p>Aug 09 @ 7am: Away, Field #4\u00a0\u00a0<strong>-versus-\u00a0<\/strong> SJ Extras<\/p>\n<p>Aug 16 @ 11am: Home, Field #1\u00a0\u00a0<strong>-versus-\u00a0<\/strong>\u00a0MTV Blooms<\/p>\n<p>Aug 23 @ 2pm: Home, Field #3\u00a0\u00a0<strong>-versus-\u00a0<\/strong> SF Leads<\/p>\n<\/div><\/div>\n<\/div><\/div>\n\n<div class=\"et_pb_module et_pb_button_module_wrapper et_pb_button_3_wrapper\"><a class=\"et_pb_button_3 et_pb_button et_pb_bg_layout_dark et_animated et_pb_module et_block_module\" href=\"\">View Full Schedules<\/a><\/div>\n<\/div>\n<\/div>\n<\/div>\n<\/div><\/div>\n\n<div class=\"et_pb_section_3 et_pb_section et_section_regular et_block_section\">\n<div class=\"et_pb_row_2 et_pb_row et_pb_gutters3 et_block_row\">\n<div class=\"et_pb_column_5 et_pb_column et_pb_column_4_4 et-last-child et_block_column et_pb_css_mix_blend_mode_passthrough\">\n<div class=\"et_pb_text_10 et_pb_text et_pb_bg_layout_light et_pb_module et_block_module\"><div class=\"et_pb_text_inner\"><h2>Club Sponsors<\/h2>\n<\/div><\/div>\n<\/div>\n<\/div>\n\n<div class=\"et_pb_row_3 et_pb_row et_pb_gutters3 et_block_row\">\n<div class=\"et_pb_column_6 et_pb_column et_pb_column_1_4 et_block_column et_pb_css_mix_blend_mode_passthrough\">\n<div class=\"et_pb_image_0 et_pb_image et_animated et_pb_module et_block_module\"><span class=\"et_pb_image_wrap\"><img loading=\"lazy\" decoding=\"async\" src=\"https:\/\/fezfivlbti.cfolks.pl\/wp-content\/uploads\/2026\/01\/logo_04.png\" width=\"226\" height=\"100\" srcset=\"https:\/\/fezfivlbti.cfolks.pl\/wp-content\/uploads\/2026\/01\/logo_04.png 226w, https:\/\/fezfivlbti.cfolks.pl\/wp-content\/uploads\/2026\/01\/logo_04-128x57.png 128w, https:\/\/fezfivlbti.cfolks.pl\/wp-content\/uploads\/2026\/01\/logo_04-32x14.png 32w\" sizes=\"(max-width: 226px) 100vw, 226px\" class=\"wp-image-52\" \/><\/span><\/div>\n<\/div>\n\n<div class=\"et_pb_column_7 et_pb_column et_pb_column_1_4 et_block_column et_pb_css_mix_blend_mode_passthrough\">\n<div class=\"et_pb_image_1 et_pb_image et_animated et_pb_module et_block_module\"><span class=\"et_pb_image_wrap\"><img loading=\"lazy\" decoding=\"async\" src=\"https:\/\/fezfivlbti.cfolks.pl\/wp-content\/uploads\/2026\/01\/logo_03.png\" width=\"226\" height=\"100\" srcset=\"https:\/\/fezfivlbti.cfolks.pl\/wp-content\/uploads\/2026\/01\/logo_03.png 226w, https:\/\/fezfivlbti.cfolks.pl\/wp-content\/uploads\/2026\/01\/logo_03-128x57.png 128w, https:\/\/fezfivlbti.cfolks.pl\/wp-content\/uploads\/2026\/01\/logo_03-32x14.png 32w\" sizes=\"(max-width: 226px) 100vw, 226px\" class=\"wp-image-53\" \/><\/span><\/div>\n<\/div>\n\n<div class=\"et_pb_column_8 et_pb_column et_pb_column_1_4 et_block_column et_pb_css_mix_blend_mode_passthrough\">\n<div class=\"et_pb_image_2 et_pb_image et_animated et_pb_module et_block_module\"><span class=\"et_pb_image_wrap\"><img loading=\"lazy\" decoding=\"async\" src=\"https:\/\/fezfivlbti.cfolks.pl\/wp-content\/uploads\/2026\/01\/logo_02.png\" width=\"226\" height=\"100\" srcset=\"https:\/\/fezfivlbti.cfolks.pl\/wp-content\/uploads\/2026\/01\/logo_02.png 226w, https:\/\/fezfivlbti.cfolks.pl\/wp-content\/uploads\/2026\/01\/logo_02-128x57.png 128w, https:\/\/fezfivlbti.cfolks.pl\/wp-content\/uploads\/2026\/01\/logo_02-32x14.png 32w\" sizes=\"(max-width: 226px) 100vw, 226px\" class=\"wp-image-54\" \/><\/span><\/div>\n<\/div>\n\n<div class=\"et_pb_column_9 et_pb_column et_pb_column_1_4 et-last-child et_block_column et_pb_css_mix_blend_mode_passthrough\">\n<div class=\"et_pb_image_3 et_pb_image et_animated et_pb_module et_block_module\"><span class=\"et_pb_image_wrap\"><img loading=\"lazy\" decoding=\"async\" src=\"https:\/\/fezfivlbti.cfolks.pl\/wp-content\/uploads\/2026\/01\/logo_07.png\" width=\"226\" height=\"100\" srcset=\"https:\/\/fezfivlbti.cfolks.pl\/wp-content\/uploads\/2026\/01\/logo_07.png 226w, https:\/\/fezfivlbti.cfolks.pl\/wp-content\/uploads\/2026\/01\/logo_07-128x57.png 128w, https:\/\/fezfivlbti.cfolks.pl\/wp-content\/uploads\/2026\/01\/logo_07-32x14.png 32w\" sizes=\"(max-width: 226px) 100vw, 226px\" class=\"wp-image-55\" \/><\/span><\/div>\n<\/div>\n<\/div>\n\n<div class=\"et_pb_row_4 et_pb_row et_pb_gutters3 et_block_row\">\n<div class=\"et_pb_column_10 et_pb_column et_pb_column_1_6 et_block_column et_pb_css_mix_blend_mode_passthrough\">\n<div class=\"et_pb_image_4 et_pb_image et_animated et_pb_module et_block_module\"><span class=\"et_pb_image_wrap\"><img loading=\"lazy\" decoding=\"async\" src=\"https:\/\/fezfivlbti.cfolks.pl\/wp-content\/uploads\/2026\/01\/logo_01.png\" width=\"226\" height=\"100\" srcset=\"https:\/\/fezfivlbti.cfolks.pl\/wp-content\/uploads\/2026\/01\/logo_01.png 226w, https:\/\/fezfivlbti.cfolks.pl\/wp-content\/uploads\/2026\/01\/logo_01-128x57.png 128w, https:\/\/fezfivlbti.cfolks.pl\/wp-content\/uploads\/2026\/01\/logo_01-32x14.png 32w\" sizes=\"(max-width: 226px) 100vw, 226px\" class=\"wp-image-56\" \/><\/span><\/div>\n<\/div>\n\n<div class=\"et_pb_column_11 et_pb_column et_pb_column_1_6 et_block_column et_pb_css_mix_blend_mode_passthrough\">\n<div class=\"et_pb_image_5 et_pb_image et_animated et_pb_module et_block_module\"><span class=\"et_pb_image_wrap\"><img loading=\"lazy\" decoding=\"async\" src=\"https:\/\/fezfivlbti.cfolks.pl\/wp-content\/uploads\/2026\/01\/logo_08.png\" width=\"226\" height=\"100\" srcset=\"https:\/\/fezfivlbti.cfolks.pl\/wp-content\/uploads\/2026\/01\/logo_08.png 226w, https:\/\/fezfivlbti.cfolks.pl\/wp-content\/uploads\/2026\/01\/logo_08-128x57.png 128w, https:\/\/fezfivlbti.cfolks.pl\/wp-content\/uploads\/2026\/01\/logo_08-32x14.png 32w\" sizes=\"(max-width: 226px) 100vw, 226px\" class=\"wp-image-57\" \/><\/span><\/div>\n<\/div>\n\n<div class=\"et_pb_column_12 et_pb_column et_pb_column_1_6 et_block_column et_pb_css_mix_blend_mode_passthrough\">\n<div class=\"et_pb_image_6 et_pb_image et_animated et_pb_module et_block_module\"><span class=\"et_pb_image_wrap\"><img loading=\"lazy\" decoding=\"async\" src=\"https:\/\/fezfivlbti.cfolks.pl\/wp-content\/uploads\/2026\/01\/logo_06.png\" width=\"226\" height=\"100\" srcset=\"https:\/\/fezfivlbti.cfolks.pl\/wp-content\/uploads\/2026\/01\/logo_06.png 226w, https:\/\/fezfivlbti.cfolks.pl\/wp-content\/uploads\/2026\/01\/logo_06-128x57.png 128w, https:\/\/fezfivlbti.cfolks.pl\/wp-content\/uploads\/2026\/01\/logo_06-32x14.png 32w\" sizes=\"(max-width: 226px) 100vw, 226px\" class=\"wp-image-58\" \/><\/span><\/div>\n<\/div>\n\n<div class=\"et_pb_column_13 et_pb_column et_pb_column_1_6 et_block_column et_pb_css_mix_blend_mode_passthrough\">\n<div class=\"et_pb_image_7 et_pb_image et_animated et_pb_module et_block_module\"><span class=\"et_pb_image_wrap\"><img loading=\"lazy\" decoding=\"async\" src=\"https:\/\/fezfivlbti.cfolks.pl\/wp-content\/uploads\/2026\/01\/logo_05.png\" width=\"226\" height=\"100\" srcset=\"https:\/\/fezfivlbti.cfolks.pl\/wp-content\/uploads\/2026\/01\/logo_05.png 226w, https:\/\/fezfivlbti.cfolks.pl\/wp-content\/uploads\/2026\/01\/logo_05-128x57.png 128w, https:\/\/fezfivlbti.cfolks.pl\/wp-content\/uploads\/2026\/01\/logo_05-32x14.png 32w\" sizes=\"(max-width: 226px) 100vw, 226px\" class=\"wp-image-59\" \/><\/span><\/div>\n<\/div>\n\n<div class=\"et_pb_column_14 et_pb_column et_pb_column_1_6 et_block_column et_pb_css_mix_blend_mode_passthrough\">\n<div class=\"et_pb_image_8 et_pb_image et_animated et_pb_module et_block_module\"><span class=\"et_pb_image_wrap\"><img loading=\"lazy\" decoding=\"async\" src=\"https:\/\/fezfivlbti.cfolks.pl\/wp-content\/uploads\/2026\/01\/logo_07.png\" width=\"226\" height=\"100\" srcset=\"https:\/\/fezfivlbti.cfolks.pl\/wp-content\/uploads\/2026\/01\/logo_07.png 226w, https:\/\/fezfivlbti.cfolks.pl\/wp-content\/uploads\/2026\/01\/logo_07-128x57.png 128w, https:\/\/fezfivlbti.cfolks.pl\/wp-content\/uploads\/2026\/01\/logo_07-32x14.png 32w\" sizes=\"(max-width: 226px) 100vw, 226px\" class=\"wp-image-55\" \/><\/span><\/div>\n<\/div>\n\n<div class=\"et_pb_column_15 et_pb_column et_pb_column_1_6 et-last-child et_block_column et_pb_css_mix_blend_mode_passthrough\">\n<div class=\"et_pb_image_9 et_pb_image et_animated et_pb_module et_block_module\"><span class=\"et_pb_image_wrap\"><img loading=\"lazy\" decoding=\"async\" src=\"https:\/\/fezfivlbti.cfolks.pl\/wp-content\/uploads\/2026\/01\/logo_04.png\" width=\"226\" height=\"100\" srcset=\"https:\/\/fezfivlbti.cfolks.pl\/wp-content\/uploads\/2026\/01\/logo_04.png 226w, https:\/\/fezfivlbti.cfolks.pl\/wp-content\/uploads\/2026\/01\/logo_04-128x57.png 128w, https:\/\/fezfivlbti.cfolks.pl\/wp-content\/uploads\/2026\/01\/logo_04-32x14.png 32w\" sizes=\"(max-width: 226px) 100vw, 226px\" class=\"wp-image-52\" \/><\/span><\/div>\n<\/div>\n<\/div>\n<\/div>\n\n<div class=\"et_pb_section_4 et_pb_section et_section_regular et_block_section\">\n<div class=\"et_pb_row_5 et_pb_row et_pb_gutters1 et_block_row et_pb_row_fullwidth\">\n<div class=\"et_pb_column_16 et_pb_column et_pb_column_1_4 et_block_column et_pb_css_mix_blend_mode_passthrough\">\n<div class=\"et_pb_image_10 et_pb_image et_pb_has_overlay et_animated et_pb_module et_block_module\"><a href=\"https:\/\/fezfivlbti.cfolks.pl\/wp-content\/uploads\/2026\/01\/soccer-06.jpg\" class=\"et_pb_lightbox_image\"><span class=\"et_pb_image_wrap\"><img loading=\"lazy\" decoding=\"async\" src=\"https:\/\/fezfivlbti.cfolks.pl\/wp-content\/uploads\/2026\/01\/soccer-06.jpg\" width=\"800\" height=\"515\" srcset=\"https:\/\/fezfivlbti.cfolks.pl\/wp-content\/uploads\/2026\/01\/soccer-06.jpg 800w, https:\/\/fezfivlbti.cfolks.pl\/wp-content\/uploads\/2026\/01\/soccer-06-480x309.jpg 480w\" sizes=\"(min-width: 0px) and (max-width: 480px) 480px, (min-width: 481px) 800px, 100vw\" class=\"wp-image-60\" \/><span class=\"et_overlay\"><\/span><\/span><\/a><\/div>\n\n<div class=\"et_pb_image_11 et_pb_image et_pb_has_overlay et_animated et_pb_module et_block_module\"><a href=\"https:\/\/fezfivlbti.cfolks.pl\/wp-content\/uploads\/2026\/01\/soccer-03.jpg\" class=\"et_pb_lightbox_image\"><span class=\"et_pb_image_wrap\"><img loading=\"lazy\" decoding=\"async\" src=\"https:\/\/fezfivlbti.cfolks.pl\/wp-content\/uploads\/2026\/01\/soccer-03.jpg\" width=\"800\" height=\"489\" srcset=\"https:\/\/fezfivlbti.cfolks.pl\/wp-content\/uploads\/2026\/01\/soccer-03.jpg 800w, https:\/\/fezfivlbti.cfolks.pl\/wp-content\/uploads\/2026\/01\/soccer-03-480x293.jpg 480w\" sizes=\"(min-width: 0px) and (max-width: 480px) 480px, (min-width: 481px) 800px, 100vw\" class=\"wp-image-61\" \/><span class=\"et_overlay\"><\/span><\/span><\/a><\/div>\n<\/div>\n\n<div class=\"et_pb_column_17 et_pb_column et_pb_column_1_4 et_block_column et_pb_css_mix_blend_mode_passthrough\">\n<div class=\"et_pb_image_12 et_pb_image et_pb_has_overlay et_animated et_pb_module et_block_module\"><a href=\"https:\/\/fezfivlbti.cfolks.pl\/wp-content\/uploads\/2026\/01\/soccer-08.jpg\" class=\"et_pb_lightbox_image\"><span class=\"et_pb_image_wrap\"><img loading=\"lazy\" decoding=\"async\" src=\"https:\/\/fezfivlbti.cfolks.pl\/wp-content\/uploads\/2026\/01\/soccer-08.jpg\" width=\"800\" height=\"540\" srcset=\"https:\/\/fezfivlbti.cfolks.pl\/wp-content\/uploads\/2026\/01\/soccer-08.jpg 800w, https:\/\/fezfivlbti.cfolks.pl\/wp-content\/uploads\/2026\/01\/soccer-08-480x324.jpg 480w\" sizes=\"(min-width: 0px) and (max-width: 480px) 480px, (min-width: 481px) 800px, 100vw\" class=\"wp-image-62\" \/><span class=\"et_overlay\"><\/span><\/span><\/a><\/div>\n\n<div class=\"et_pb_image_13 et_pb_image et_pb_has_overlay et_animated et_pb_module et_block_module\"><a href=\"https:\/\/fezfivlbti.cfolks.pl\/wp-content\/uploads\/2026\/01\/soccer-04.jpg\" class=\"et_pb_lightbox_image\"><span class=\"et_pb_image_wrap\"><img loading=\"lazy\" decoding=\"async\" src=\"https:\/\/fezfivlbti.cfolks.pl\/wp-content\/uploads\/2026\/01\/soccer-04.jpg\" width=\"800\" height=\"603\" srcset=\"https:\/\/fezfivlbti.cfolks.pl\/wp-content\/uploads\/2026\/01\/soccer-04.jpg 800w, https:\/\/fezfivlbti.cfolks.pl\/wp-content\/uploads\/2026\/01\/soccer-04-480x362.jpg 480w\" sizes=\"(min-width: 0px) and (max-width: 480px) 480px, (min-width: 481px) 800px, 100vw\" class=\"wp-image-63\" \/><span class=\"et_overlay\"><\/span><\/span><\/a><\/div>\n<\/div>\n\n<div class=\"et_pb_column_18 et_pb_column et_pb_column_1_2 et-last-child et_block_column et_pb_css_mix_blend_mode_passthrough\">\n<div class=\"et_pb_image_14 et_pb_image et_pb_has_overlay et_animated et_pb_module et_block_module\"><a href=\"https:\/\/fezfivlbti.cfolks.pl\/wp-content\/uploads\/2026\/01\/soccer-07.jpg\" class=\"et_pb_lightbox_image\"><span class=\"et_pb_image_wrap\"><img loading=\"lazy\" decoding=\"async\" src=\"https:\/\/fezfivlbti.cfolks.pl\/wp-content\/uploads\/2026\/01\/soccer-07.jpg\" width=\"800\" height=\"504\" srcset=\"https:\/\/fezfivlbti.cfolks.pl\/wp-content\/uploads\/2026\/01\/soccer-07.jpg 800w, https:\/\/fezfivlbti.cfolks.pl\/wp-content\/uploads\/2026\/01\/soccer-07-480x302.jpg 480w\" sizes=\"(min-width: 0px) and (max-width: 480px) 480px, (min-width: 481px) 800px, 100vw\" class=\"wp-image-64\" \/><span class=\"et_overlay\"><\/span><\/span><\/a><\/div>\n<\/div>\n<\/div>\n<\/div>\n\n<div class=\"et_pb_section_5 et_pb_section et_section_regular et_block_section\">\n<div class=\"et_pb_row_6 et_pb_row et_pb_gutters3 et_block_row\">\n<div class=\"et_pb_column_19 et_pb_column et_pb_column_3_4 et_block_column et_pb_css_mix_blend_mode_passthrough\">\n<div class=\"et_pb_text_11 et_pb_text et_pb_bg_layout_dark et_pb_module et_block_module\"><div class=\"et_pb_text_inner\"><h2>Want to Join The Club?<\/h2>\n<p>Cras ultricies ligula sed magna dictum porta. Sed porttitor lectus nibh. Donec rutrum congue leo eget malesuada. Cras ultricies ligula sed magna dictum porta.Cras ultricies ligula sed magna dictum porta. Sed porttitor lectus nibh. Donec rutrum congue leo eget malesuada.<\/p>\n<\/div><\/div>\n<\/div>\n\n<div class=\"et_pb_column_20 et_pb_column et_pb_column_1_4 et-last-child et_block_column et_pb_css_mix_blend_mode_passthrough\">\n<div class=\"et_pb_module et_pb_button_module_wrapper et_pb_button_4_wrapper\"><a class=\"et_pb_button_4 et_pb_button et_pb_bg_layout_dark et_pb_module et_block_module\" href=\"\">Get Involved<\/a><\/div>\n<\/div>\n<\/div>\n\n<div class=\"et_pb_row_7 et_pb_row et_pb_gutters3 et_block_row\">\n<div class=\"et_pb_column_21 et_pb_column et_pb_column_4_4 et-last-child et_block_column et_pb_css_mix_blend_mode_passthrough\">\n<ul class=\"et_pb_social_media_follow_0 et_pb_social_media_follow clearfix et_pb_bg_layout_light et_pb_module et_block_module\">\n<li class=\"et_pb_social_media_follow_network_0 et_pb_social_media_follow_network et_pb_social_icon et_pb_social_network_link et-social-twitter et_pb_module et_flex_module\"><a href=\"#\" class=\"icon\" target=\"_self\" title=\"\u015aled\u017a na Twitter\" rel=\"noopener\"><span class=\"et_pb_social_media_follow_network_name\">Pod\u0105\u017ca\u0107<\/span><\/a><\/li>\n\n<li class=\"et_pb_social_media_follow_network_1 et_pb_social_media_follow_network et_pb_social_icon et_pb_social_network_link et-social-instagram et_pb_module et_flex_module\"><a href=\"#\" class=\"icon\" target=\"_self\" title=\"\u015aled\u017a na Instagram\" rel=\"noopener\"><span class=\"et_pb_social_media_follow_network_name\">Pod\u0105\u017ca\u0107<\/span><\/a><\/li>\n\n<li class=\"et_pb_social_media_follow_network_2 et_pb_social_media_follow_network et_pb_social_icon et_pb_social_network_link et-social-vimeo et_pb_module et_flex_module\"><a href=\"#\" class=\"icon\" target=\"_self\" title=\"\u015aled\u017a na Vimeo\" rel=\"noopener\"><span class=\"et_pb_social_media_follow_network_name\">Pod\u0105\u017ca\u0107<\/span><\/a><\/li>\n\n<li class=\"et_pb_social_media_follow_network_3 et_pb_social_media_follow_network et_pb_social_icon et_pb_social_network_link et-social-facebook et_pb_module et_flex_module\"><a href=\"#\" class=\"icon\" target=\"_self\" title=\"\u015aled\u017a na Instagram\" rel=\"noopener\"><span class=\"et_pb_social_media_follow_network_name\">Pod\u0105\u017ca\u0107<\/span><\/a><\/li>\n<\/ul>\n<\/div>\n<\/div>\n<\/div>","protected":false},"excerpt":{"rendered":"","protected":false},"author":1,"featured_media":0,"parent":0,"menu_order":0,"comment_status":"closed","ping_status":"closed","template":"","meta":{"footnotes":""},"class_list":["post-49","page","type-page","status-publish","hentry"],"_links":{"self":[{"href":"https:\/\/fezfivlbti.cfolks.pl\/index.php\/wp-json\/wp\/v2\/pages\/49","targetHints":{"allow":["GET"]}}],"collection":[{"href":"https:\/\/fezfivlbti.cfolks.pl\/index.php\/wp-json\/wp\/v2\/pages"}],"about":[{"href":"https:\/\/fezfivlbti.cfolks.pl\/index.php\/wp-json\/wp\/v2\/types\/page"}],"author":[{"embeddable":true,"href":"https:\/\/fezfivlbti.cfolks.pl\/index.php\/wp-json\/wp\/v2\/users\/1"}],"replies":[{"embeddable":true,"href":"https:\/\/fezfivlbti.cfolks.pl\/index.php\/wp-json\/wp\/v2\/comments?post=49"}],"version-history":[{"count":3,"href":"https:\/\/fezfivlbti.cfolks.pl\/index.php\/wp-json\/wp\/v2\/pages\/49\/revisions"}],"predecessor-version":[{"id":66,"href":"https:\/\/fezfivlbti.cfolks.pl\/index.php\/wp-json\/wp\/v2\/pages\/49\/revisions\/66"}],"wp:attachment":[{"href":"https:\/\/fezfivlbti.cfolks.pl\/index.php\/wp-json\/wp\/v2\/media?parent=49"}],"curies":[{"name":"wp","href":"https:\/\/api.w.org\/{rel}","templated":true}]}}